{"id":749,"date":"2025-06-12T19:38:50","date_gmt":"2025-06-12T19:38:50","guid":{"rendered":"https:\/\/colsurgeries.com\/?page_id=749"},"modified":"2025-10-23T10:36:02","modified_gmt":"2025-10-23T15:36:02","slug":"mastoplexia","status":"publish","type":"page","link":"https:\/\/colsurgeries.com\/en\/procedimientos\/belleza-mamaria\/mastoplexia\/","title":{"rendered":"Mastopexy"},"content":{"rendered":"","protected":false},"excerpt":{"rendered":"<p>Levantamiento de senos para corregir la ca\u00edda y rejuvenecer el busto. Recupera firmeza y forma con t\u00e9cnicas modernas y seguras en cirug\u00eda mamaria en Colombia.<\/p>","protected":false},"author":1,"featured_media":0,"parent":113,"menu_order":0,"comment_status":"closed","ping_status":"closed","template":"","meta":{"footnotes":""},"class_list":["post-749","page","type-page","status-publish","hentry"],"_links":{"self":[{"href":"https:\/\/colsurgeries.com\/en\/wp-json\/wp\/v2\/pages\/749","targetHints":{"allow":["GET"]}}],"collection":[{"href":"https:\/\/colsurgeries.com\/en\/wp-json\/wp\/v2\/pages"}],"about":[{"href":"https:\/\/colsurgeries.com\/en\/wp-json\/wp\/v2\/types\/page"}],"author":[{"embeddable":true,"href":"https:\/\/colsurgeries.com\/en\/wp-json\/wp\/v2\/users\/1"}],"replies":[{"embeddable":true,"href":"https:\/\/colsurgeries.com\/en\/wp-json\/wp\/v2\/comments?post=749"}],"version-history":[{"count":2,"href":"https:\/\/colsurgeries.com\/en\/wp-json\/wp\/v2\/pages\/749\/revisions"}],"predecessor-version":[{"id":847,"href":"https:\/\/colsurgeries.com\/en\/wp-json\/wp\/v2\/pages\/749\/revisions\/847"}],"up":[{"embeddable":true,"href":"https:\/\/colsurgeries.com\/en\/wp-json\/wp\/v2\/pages\/113"}],"wp:attachment":[{"href":"https:\/\/colsurgeries.com\/en\/wp-json\/wp\/v2\/media?parent=749"}],"curies":[{"name":"wp","href":"https:\/\/api.w.org\/{rel}","templated":true}]}}