{"id":111,"date":"2025-04-22T12:39:29","date_gmt":"2025-04-22T12:39:29","guid":{"rendered":"https:\/\/colsurgeries.com\/?page_id=111"},"modified":"2025-06-16T13:54:14","modified_gmt":"2025-06-16T18:54:14","slug":"procedimientos","status":"publish","type":"page","link":"https:\/\/colsurgeries.com\/es\/procedimientos\/","title":{"rendered":"Procedimientos"},"content":{"rendered":"","protected":false},"excerpt":{"rendered":"<p>Cirug\u00eda est\u00e9tica: belleza facial, corporal y est\u00e9tica dental. Resultados seguros y naturales Procedimiento hecho en Colombia con paquetes todo incluido.<\/p>\n","protected":false},"author":1,"featured_media":0,"parent":0,"menu_order":0,"comment_status":"closed","ping_status":"closed","template":"","meta":{"footnotes":""},"class_list":["post-111","page","type-page","status-publish","hentry"],"_links":{"self":[{"href":"https:\/\/colsurgeries.com\/es\/wp-json\/wp\/v2\/pages\/111","targetHints":{"allow":["GET"]}}],"collection":[{"href":"https:\/\/colsurgeries.com\/es\/wp-json\/wp\/v2\/pages"}],"about":[{"href":"https:\/\/colsurgeries.com\/es\/wp-json\/wp\/v2\/types\/page"}],"author":[{"embeddable":true,"href":"https:\/\/colsurgeries.com\/es\/wp-json\/wp\/v2\/users\/1"}],"replies":[{"embeddable":true,"href":"https:\/\/colsurgeries.com\/es\/wp-json\/wp\/v2\/comments?post=111"}],"version-history":[{"count":2,"href":"https:\/\/colsurgeries.com\/es\/wp-json\/wp\/v2\/pages\/111\/revisions"}],"predecessor-version":[{"id":842,"href":"https:\/\/colsurgeries.com\/es\/wp-json\/wp\/v2\/pages\/111\/revisions\/842"}],"wp:attachment":[{"href":"https:\/\/colsurgeries.com\/es\/wp-json\/wp\/v2\/media?parent=111"}],"curies":[{"name":"wp","href":"https:\/\/api.w.org\/{rel}","templated":true}]}}