{"id":113,"date":"2025-04-22T12:40:01","date_gmt":"2025-04-22T12:40:01","guid":{"rendered":"https:\/\/colsurgeries.com\/?page_id=113"},"modified":"2025-06-16T13:56:53","modified_gmt":"2025-06-16T18:56:53","slug":"belleza-mamaria","status":"publish","type":"page","link":"https:\/\/colsurgeries.com\/es\/procedimientos\/belleza-mamaria\/","title":{"rendered":"Belleza mamaria"},"content":{"rendered":"","protected":false},"excerpt":{"rendered":"<p>Cirug\u00edas de senos en Colombia con resultados naturales: aumento, reducci\u00f3n y levantamiento mamario. Mejora tu figura y confianza con atenci\u00f3n m\u00e9dica especializada.<\/p>\n","protected":false},"author":1,"featured_media":0,"parent":111,"menu_order":0,"comment_status":"closed","ping_status":"closed","template":"","meta":{"footnotes":""},"class_list":["post-113","page","type-page","status-publish","hentry"],"_links":{"self":[{"href":"https:\/\/colsurgeries.com\/es\/wp-json\/wp\/v2\/pages\/113","targetHints":{"allow":["GET"]}}],"collection":[{"href":"https:\/\/colsurgeries.com\/es\/wp-json\/wp\/v2\/pages"}],"about":[{"href":"https:\/\/colsurgeries.com\/es\/wp-json\/wp\/v2\/types\/page"}],"author":[{"embeddable":true,"href":"https:\/\/colsurgeries.com\/es\/wp-json\/wp\/v2\/users\/1"}],"replies":[{"embeddable":true,"href":"https:\/\/colsurgeries.com\/es\/wp-json\/wp\/v2\/comments?post=113"}],"version-history":[{"count":2,"href":"https:\/\/colsurgeries.com\/es\/wp-json\/wp\/v2\/pages\/113\/revisions"}],"predecessor-version":[{"id":845,"href":"https:\/\/colsurgeries.com\/es\/wp-json\/wp\/v2\/pages\/113\/revisions\/845"}],"up":[{"embeddable":true,"href":"https:\/\/colsurgeries.com\/es\/wp-json\/wp\/v2\/pages\/111"}],"wp:attachment":[{"href":"https:\/\/colsurgeries.com\/es\/wp-json\/wp\/v2\/media?parent=113"}],"curies":[{"name":"wp","href":"https:\/\/api.w.org\/{rel}","templated":true}]}}