{"id":747,"date":"2025-06-12T19:38:24","date_gmt":"2025-06-12T19:38:24","guid":{"rendered":"https:\/\/colsurgeries.com\/?page_id=747"},"modified":"2025-10-23T10:31:11","modified_gmt":"2025-10-23T15:31:11","slug":"reduccion-de-senos","status":"publish","type":"page","link":"https:\/\/colsurgeries.com\/es\/procedimientos\/belleza-mamaria\/reduccion-de-senos\/","title":{"rendered":"Reducci\u00f3n de senos"},"content":{"rendered":"","protected":false},"excerpt":{"rendered":"<p>Reducci\u00f3n mamaria profesional en Colombia para aliviar molestias y mejorar tu est\u00e9tica corporal. Resultados funcionales y naturales, con atenci\u00f3n personalizada.<\/p>\n","protected":false},"author":1,"featured_media":0,"parent":113,"menu_order":0,"comment_status":"closed","ping_status":"closed","template":"","meta":{"footnotes":""},"class_list":["post-747","page","type-page","status-publish","hentry"],"_links":{"self":[{"href":"https:\/\/colsurgeries.com\/es\/wp-json\/wp\/v2\/pages\/747","targetHints":{"allow":["GET"]}}],"collection":[{"href":"https:\/\/colsurgeries.com\/es\/wp-json\/wp\/v2\/pages"}],"about":[{"href":"https:\/\/colsurgeries.com\/es\/wp-json\/wp\/v2\/types\/page"}],"author":[{"embeddable":true,"href":"https:\/\/colsurgeries.com\/es\/wp-json\/wp\/v2\/users\/1"}],"replies":[{"embeddable":true,"href":"https:\/\/colsurgeries.com\/es\/wp-json\/wp\/v2\/comments?post=747"}],"version-history":[{"count":2,"href":"https:\/\/colsurgeries.com\/es\/wp-json\/wp\/v2\/pages\/747\/revisions"}],"predecessor-version":[{"id":849,"href":"https:\/\/colsurgeries.com\/es\/wp-json\/wp\/v2\/pages\/747\/revisions\/849"}],"up":[{"embeddable":true,"href":"https:\/\/colsurgeries.com\/es\/wp-json\/wp\/v2\/pages\/113"}],"wp:attachment":[{"href":"https:\/\/colsurgeries.com\/es\/wp-json\/wp\/v2\/media?parent=747"}],"curies":[{"name":"wp","href":"https:\/\/api.w.org\/{rel}","templated":true}]}}