{"id":8,"date":"2025-04-15T14:06:46","date_gmt":"2025-04-15T14:06:46","guid":{"rendered":"https:\/\/colsurgeries.com\/?page_id=8"},"modified":"2025-09-10T07:45:27","modified_gmt":"2025-09-10T12:45:27","slug":"inicio","status":"publish","type":"page","link":"https:\/\/colsurgeries.com\/es\/","title":{"rendered":"Inicio"},"content":{"rendered":"","protected":false},"excerpt":{"rendered":"<p>Cirug\u00eda pl\u00e1stica en Colombia con resultados naturales y atenci\u00f3n personalizada. Expertos en est\u00e9tica facial, corporal y mamaria. Agenda tu valoraci\u00f3n hoy.<\/p>\n","protected":false},"author":1,"featured_media":0,"parent":0,"menu_order":0,"comment_status":"closed","ping_status":"closed","template":"","meta":{"footnotes":""},"class_list":["post-8","page","type-page","status-publish","hentry"],"_links":{"self":[{"href":"https:\/\/colsurgeries.com\/es\/wp-json\/wp\/v2\/pages\/8","targetHints":{"allow":["GET"]}}],"collection":[{"href":"https:\/\/colsurgeries.com\/es\/wp-json\/wp\/v2\/pages"}],"about":[{"href":"https:\/\/colsurgeries.com\/es\/wp-json\/wp\/v2\/types\/page"}],"author":[{"embeddable":true,"href":"https:\/\/colsurgeries.com\/es\/wp-json\/wp\/v2\/users\/1"}],"replies":[{"embeddable":true,"href":"https:\/\/colsurgeries.com\/es\/wp-json\/wp\/v2\/comments?post=8"}],"version-history":[{"count":4,"href":"https:\/\/colsurgeries.com\/es\/wp-json\/wp\/v2\/pages\/8\/revisions"}],"predecessor-version":[{"id":1530,"href":"https:\/\/colsurgeries.com\/es\/wp-json\/wp\/v2\/pages\/8\/revisions\/1530"}],"wp:attachment":[{"href":"https:\/\/colsurgeries.com\/es\/wp-json\/wp\/v2\/media?parent=8"}],"curies":[{"name":"wp","href":"https:\/\/api.w.org\/{rel}","templated":true}]}}